{"id":39,"date":"2023-02-06T19:27:40","date_gmt":"2023-02-06T19:27:40","guid":{"rendered":"https:\/\/ataxmar.com\/webpage\/?page_id=39"},"modified":"2024-01-17T23:42:53","modified_gmt":"2024-01-17T23:42:53","slug":"consultoria","status":"publish","type":"page","link":"https:\/\/ataxmar.com\/webpage\/consultoria\/","title":{"rendered":"Consultor\u00eda"},"content":{"rendered":"[et_pb_section fb_built=\u00bb1&#8243; admin_label=\u00bbsection\u00bb _builder_version=\u00bb4.21.0&#8243; background_image=\u00bbhttps:\/\/ataxmar.com\/webpage\/wp-content\/uploads\/2023\/07\/financial-technology-31c-1-scaled.jpg\u00bb global_colors_info=\u00bb{}\u00bb][et_pb_row column_structure=\u00bb2_3,1_3&#8243; admin_label=\u00bbrow\u00bb _builder_version=\u00bb4.16&#8243; background_size=\u00bbinitial\u00bb background_position=\u00bbtop_left\u00bb background_repeat=\u00bbrepeat\u00bb global_colors_info=\u00bb{}\u00bb][et_pb_column type=\u00bb2_3&#8243; _builder_version=\u00bb4.16&#8243; custom_padding=\u00bb|||\u00bb global_colors_info=\u00bb{}\u00bb custom_padding__hover=\u00bb|||\u00bb][et_pb_text admin_label=\u00bbText\u00bb _builder_version=\u00bb4.21.0&#8243; text_text_color=\u00bb#FFFFFF\u00bb background_size=\u00bbinitial\u00bb background_position=\u00bbtop_left\u00bb background_repeat=\u00bbrepeat\u00bb global_colors_info=\u00bb{}\u00bb]<p style=\"text-align: justify;\">Desde las perspectivas de los clientes, las condiciones variables del mercado, las tecnolog\u00edas emergentes y los competidores \u00e1giles que ingresan al mercado, las empresas ya establecidas corren m\u00e1s riesgo que nunca sin una estrategia clara de acci\u00f3n.<\/p>\n<p style=\"text-align: justify;\"><\/p>\n<p style=\"text-align: justify;\">Si est\u00e1 experimentando desaf\u00edos con su cultura empresarial, los procesos internos o necesite una nueva estrategia comercial para que ajuste sus proyecciones econ\u00f3micas en funci\u00f3n de maximizar sus ganancias, nosotros estamos aqu\u00ed para apoyarlo.<\/p>\n<p style=\"text-align: justify;\"><\/p>\n<p style=\"text-align: justify;\">Como consultores podemos apoyarlo para que se adapte a la din\u00e1mica del mercado actual y continuar competitivo sin importar las amenazas que pueda enfrentar. Nuestra experiencia y el conjunto de herramientas que ponemos a su disposici\u00f3n le permitir\u00e1n desarrollar un trabajo \u00f3ptimo donde puedan mitigar o prevenir el riesgo de sus operaciones.<\/p>\n<p style=\"text-align: justify;\"><\/p>\n<p style=\"text-align: justify;\">Si eres un inversionista extranjero te damos todo el soporte en base a nuestra experiencia para que puedan gestionar todo o parte de su proyecto de principio a fin. Gui\u00e1ndolo a trav\u00e9s de los diferentes procesos y encontrando soluciones cuando as\u00ed se necesiten.<\/p>\n<p style=\"text-align: justify;\"><\/p>\n<p style=\"text-align: justify;\">Nuestras soluciones van desde crear la estructura organizativa legal correcta que de la mejor entrada al mercado llevando a cabo un an\u00e1lisis general o detallado de los aspectos que deben tomar en cuenta para su \u00e9xito.<\/p>\n<p style=\"text-align: justify;\"><\/p>\n<p style=\"text-align: justify;\">Entre ellos podemos mencionar el manejo de los inventarios, el an\u00e1lisis de la cadena de valor, registro de etiquetas, el comportamiento del mercado, el entorno normativo, legal y tributario, las barreras de entrada al mercado, el an\u00e1lisis de riesgos, el an\u00e1lisis de canales de distribuci\u00f3n, y el an\u00e1lisis FODA entre otros.<\/p>\n<p><\/p>[\/et_pb_text][\/et_pb_column][et_pb_column type=\u00bb1_3&#8243; _builder_version=\u00bb4.16&#8243; custom_padding=\u00bb|||\u00bb global_colors_info=\u00bb{}\u00bb custom_padding__hover=\u00bb|||\u00bb][et_pb_image src=\u00bbhttps:\/\/ataxmar.com\/webpage\/wp-content\/uploads\/2023\/07\/Consultoria01.jpg\u00bb title_text=\u00bbConsultoria01&#8243; _builder_version=\u00bb4.21.0&#8243; _module_preset=\u00bbdefault\u00bb border_radii=\u00bbon|6px|6px|6px|6px\u00bb global_colors_info=\u00bb{}\u00bb][\/et_pb_image][et_pb_code _builder_version=\u00bb4.23.4&#8243; _module_preset=\u00bbdefault\u00bb hover_enabled=\u00bb0&#8243; global_colors_info=\u00bb{}\u00bb sticky_enabled=\u00bb0&#8243;]\n<div id=\"sb_instagram\"  class=\"sbi sbi_mob_col_1 sbi_tab_col_1 sbi_col_1 sbi_width_resp sbi_fixed_height\" style=\"padding-bottom: 2px; height: 720px;\"\t data-feedid=\"*3\"  data-res=\"auto\" data-cols=\"1\" data-colsmobile=\"1\" data-colstablet=\"1\" data-num=\"2\" data-nummobile=\"1\" data-item-padding=\"1\"\t data-shortcode-atts=\"{&quot;feed&quot;:&quot;3&quot;,&quot;cachetime&quot;:30}\"  data-postid=\"39\" data-locatornonce=\"8dc85ba920\" data-imageaspectratio=\"1:1\" data-sbi-flags=\"favorLocal,ajaxPostLoad\">\n\t\n\t<div id=\"sbi_images\"  style=\"gap: 2px;\">\n\t\t\t<\/div>\n\n\t<div id=\"sbi_load\" >\n\n\t\n\t\t\t<span class=\"sbi_follow_btn sbi_custom\" >\n\t\t\t<a target=\"_blank\"\n\t\t\t\trel=\"nofollow noopener\"  href=\"https:\/\/www.instagram.com\/ataxmarmiami\/\" style=\"background: rgb(64,139,209);\">\n\t\t\t\t<svg class=\"svg-inline--fa fa-instagram fa-w-14\" aria-hidden=\"true\" data-fa-processed=\"\" aria-label=\"Instagram\" data-prefix=\"fab\" data-icon=\"instagram\" role=\"img\" viewBox=\"0 0 448 512\">\n                    <path fill=\"currentColor\" d=\"M224.1 141c-63.6 0-114.9 51.3-114.9 114.9s51.3 114.9 114.9 114.9S339 319.5 339 255.9 287.7 141 224.1 141zm0 189.6c-41.1 0-74.7-33.5-74.7-74.7s33.5-74.7 74.7-74.7 74.7 33.5 74.7 74.7-33.6 74.7-74.7 74.7zm146.4-194.3c0 14.9-12 26.8-26.8 26.8-14.9 0-26.8-12-26.8-26.8s12-26.8 26.8-26.8 26.8 12 26.8 26.8zm76.1 27.2c-1.7-35.9-9.9-67.7-36.2-93.9-26.2-26.2-58-34.4-93.9-36.2-37-2.1-147.9-2.1-184.9 0-35.8 1.7-67.6 9.9-93.9 36.1s-34.4 58-36.2 93.9c-2.1 37-2.1 147.9 0 184.9 1.7 35.9 9.9 67.7 36.2 93.9s58 34.4 93.9 36.2c37 2.1 147.9 2.1 184.9 0 35.9-1.7 67.7-9.9 93.9-36.2 26.2-26.2 34.4-58 36.2-93.9 2.1-37 2.1-147.8 0-184.8zM398.8 388c-7.8 19.6-22.9 34.7-42.6 42.6-29.5 11.7-99.5 9-132.1 9s-102.7 2.6-132.1-9c-19.6-7.8-34.7-22.9-42.6-42.6-11.7-29.5-9-99.5-9-132.1s-2.6-102.7 9-132.1c7.8-19.6 22.9-34.7 42.6-42.6 29.5-11.7 99.5-9 132.1-9s102.7-2.6 132.1 9c19.6 7.8 34.7 22.9 42.6 42.6 11.7 29.5 9 99.5 9 132.1s2.7 102.7-9 132.1z\"><\/path>\n                <\/svg>\t\t\t\t<span>Seguir en Instagram<\/span>\n\t\t\t<\/a>\n\t\t<\/span>\n\t\n<\/div>\n\t\t<span class=\"sbi_resized_image_data\" data-feed-id=\"*3\"\n\t\t  data-resized=\"[]\">\n\t<\/span>\n\t<\/div>\n\n<script type=\"text\/javascript\">var sb_instagram_js_options = {\"font_method\":\"svg\",\"placeholder\":\"https:\\\/\\\/ataxmar.com\\\/webpage\\\/wp-content\\\/plugins\\\/instagram-feed\\\/img\\\/placeholder.png\",\"resized_url\":\"http:\\\/\\\/ataxmar.com\\\/webpage\\\/wp-content\\\/uploads\\\/sb-instagram-feed-images\\\/\",\"ajax_url\":\"https:\\\/\\\/ataxmar.com\\\/webpage\\\/wp-admin\\\/admin-ajax.php\"};<\/script><script type='text\/javascript' src='https:\/\/ataxmar.com\/webpage\/wp-content\/plugins\/instagram-feed\/js\/sbi-scripts.min.js?ver=6.10.1'><\/script>[\/et_pb_code][\/et_pb_column][\/et_pb_row][\/et_pb_section]","protected":false},"excerpt":{"rendered":"<p>Desde las perspectivas de los clientes, las condiciones variables del mercado, las tecnolog\u00edas emergentes y los competidores \u00e1giles que ingresan al mercado, las empresas ya establecidas corren m\u00e1s riesgo que nunca sin una estrategia clara de acci\u00f3n. Si est\u00e1 experimentando desaf\u00edos con su cultura empresarial, los procesos internos o necesite una nueva estrategia comercial para [&hellip;]<\/p>\n","protected":false},"author":1,"featured_media":93,"parent":0,"menu_order":0,"comment_status":"closed","ping_status":"closed","template":"","meta":{"_et_pb_use_builder":"on","_et_pb_old_content":"<!-- wp:paragraph -->\n<p>Desde las perspectivas de los clientes, las condiciones variables del mercado, las tecnolog\u00edas emergentes y los competidores \u00e1giles que ingresan al mercado, las empresas ya establecidas corren m\u00e1s riesgo que nunca sin una estrategia clara de acci\u00f3n.<\/p>\n<!-- \/wp:paragraph -->\n\n<!-- wp:paragraph -->\n<p>Si est\u00e1 experimentando desaf\u00edos con su cultura empresarial, los procesos internos o necesite una nueva estrategia comercial para que ajuste sus proyecciones econ\u00f3micas en funci\u00f3n de maximizar sus ganancias, nosotros estamos aqu\u00ed para apoyarlo.<\/p>\n<!-- \/wp:paragraph -->\n\n<!-- wp:paragraph -->\n<p>Como consultores podemos apoyarlo para que se adapte a la din\u00e1mica del mercado actual y continuar competitivo sin importar las amenazas que pueda enfrentar. Nuestra experiencia y el conjunto de herramientas que ponemos a su disposici\u00f3n le permitir\u00e1n desarrollar un trabajo \u00f3ptimo donde puedan mitigar o prevenir el riesgo de sus operaciones.<\/p>\n<!-- \/wp:paragraph -->\n\n<!-- wp:paragraph -->\n<p>Si eres un inversionista extranjero te damos todo el soporte en base a nuestra experiencia para que puedan gestionar todo o parte de su proyecto de principio a fin. Gui\u00e1ndolo a trav\u00e9s de los diferentes procesos y encontrando soluciones cuando as\u00ed se necesiten. <\/p>\n<!-- \/wp:paragraph -->\n\n<!-- wp:paragraph -->\n<p>Nuestras soluciones van desde crear la estructura organizativa legal correcta que de la mejor entrada al mercado llevando a cabo un an\u00e1lisis general o detallado de los aspectos que deben tomar en cuenta para su \u00e9xito. <\/p>\n<!-- \/wp:paragraph -->\n\n<!-- wp:paragraph -->\n<p>Entre ellos podemos mencionar el manejo de los inventarios, el an\u00e1lisis de la cadena de valor, registro de etiquetas, el comportamiento del mercado, el entorno normativo, legal y tributario, las barreras de entrada al mercado, el an\u00e1lisis de riesgos, el an\u00e1lisis de canales de distribuci\u00f3n, y el an\u00e1lisis FODA entre otros.<\/p>\n<!-- \/wp:paragraph -->","_et_gb_content_width":"","_exactmetrics_skip_tracking":false,"_exactmetrics_sitenote_active":false,"_exactmetrics_sitenote_note":"","_exactmetrics_sitenote_category":0,"_uf_show_specific_survey":0,"_uf_disable_surveys":false,"footnotes":""},"class_list":["post-39","page","type-page","status-publish","has-post-thumbnail","hentry"],"aioseo_notices":[],"_links":{"self":[{"href":"https:\/\/ataxmar.com\/webpage\/wp-json\/wp\/v2\/pages\/39","targetHints":{"allow":["GET"]}}],"collection":[{"href":"https:\/\/ataxmar.com\/webpage\/wp-json\/wp\/v2\/pages"}],"about":[{"href":"https:\/\/ataxmar.com\/webpage\/wp-json\/wp\/v2\/types\/page"}],"author":[{"embeddable":true,"href":"https:\/\/ataxmar.com\/webpage\/wp-json\/wp\/v2\/users\/1"}],"replies":[{"embeddable":true,"href":"https:\/\/ataxmar.com\/webpage\/wp-json\/wp\/v2\/comments?post=39"}],"version-history":[{"count":8,"href":"https:\/\/ataxmar.com\/webpage\/wp-json\/wp\/v2\/pages\/39\/revisions"}],"predecessor-version":[{"id":840,"href":"https:\/\/ataxmar.com\/webpage\/wp-json\/wp\/v2\/pages\/39\/revisions\/840"}],"wp:featuredmedia":[{"embeddable":true,"href":"https:\/\/ataxmar.com\/webpage\/wp-json\/wp\/v2\/media\/93"}],"wp:attachment":[{"href":"https:\/\/ataxmar.com\/webpage\/wp-json\/wp\/v2\/media?parent=39"}],"curies":[{"name":"wp","href":"https:\/\/api.w.org\/{rel}","templated":true}]}}