{"id":41,"date":"2023-02-06T19:28:07","date_gmt":"2023-02-06T19:28:07","guid":{"rendered":"https:\/\/ataxmar.com\/webpage\/?page_id=41"},"modified":"2024-01-17T23:43:13","modified_gmt":"2024-01-17T23:43:13","slug":"licencias-y-permisos","status":"publish","type":"page","link":"https:\/\/ataxmar.com\/webpage\/licencias-y-permisos\/","title":{"rendered":"Permisos y Licencias"},"content":{"rendered":"<p>[et_pb_section fb_built=\u00bb1&#8243; admin_label=\u00bbsection\u00bb _builder_version=\u00bb4.21.0&#8243; background_image=\u00bbhttps:\/\/ataxmar.com\/webpage\/wp-content\/uploads\/2023\/07\/gradient-bg-03.jpg\u00bb global_colors_info=\u00bb{}\u00bb][et_pb_row column_structure=\u00bb2_3,1_3&#8243; admin_label=\u00bbrow\u00bb _builder_version=\u00bb4.16&#8243; background_size=\u00bbinitial\u00bb background_position=\u00bbtop_left\u00bb background_repeat=\u00bbrepeat\u00bb global_colors_info=\u00bb{}\u00bb][et_pb_column type=\u00bb2_3&#8243; _builder_version=\u00bb4.16&#8243; custom_padding=\u00bb|||\u00bb global_colors_info=\u00bb{}\u00bb custom_padding__hover=\u00bb|||\u00bb][et_pb_text admin_label=\u00bbText\u00bb _builder_version=\u00bb4.21.0&#8243; text_text_color=\u00bb#FFFFFF\u00bb background_size=\u00bbinitial\u00bb background_position=\u00bbtop_left\u00bb background_repeat=\u00bbrepeat\u00bb global_colors_info=\u00bb{}\u00bb]<\/p>\n<p style=\"text-align: justify;\">Por lo general las empresas requieren alg\u00fan tipo de licencia o permiso para funcionar, y estos requisitos var\u00edan seg\u00fan la actividad comercial o la industria. Ahorre tiempo y dinero con nuestro servicio. Nosotros investigaremos todo lo necesario para saber que tipos de licencias necesita y le prepararemos todos los formularios necesarios para cumplir con los requisitos.<\/p>\n<p style=\"text-align: justify;\">Las licencias comerciales, los permisos y los registros fiscales son documentos emitidos por el estado y las municipalidades que permiten operar su negocio en forma legal y segura. Si bien los requisitos exactos var\u00edan seg\u00fan el estado y\/o la municipalidad, las licencias y los permisos son un requisito previo necesarios y obligatorio para que su negocio opere correctamente.<\/p>\n<p style=\"text-align: justify;\"><strong>Las licencias comerciales son espec\u00edficamente para:<\/strong><\/p>\n<ul>\n<li>Identificar la empresa y hacerla responsable de sus acciones.<\/li>\n<li>Realizar un seguimiento de las actividades de la empresa a efectos fiscales.<\/li>\n<li>Una licencia comercial puede proteger la salud p\u00fablica y obliga a que la empresa cumpla con los requisitos m\u00ednimos.<\/li>\n<li>Informan a la comunidad sobre actividades que podr\u00edan impactarlos.<\/li>\n<\/ul>\n<p style=\"text-align: justify;\">Una licencia comercial puede proteger la salud p\u00fablica y obliga a que la empresa cumpla con los requisitos m\u00ednimos.<\/p>\n<p style=\"text-align: justify;\">Informan a la comunidad sobre actividades que podr\u00edan impactarlos.<\/p>\n<p style=\"text-align: justify;\"><strong>Lista de nuestros servicios de Permisos y Licencias:<\/strong><\/p>\n<ul>\n<li>Building permit application<\/li>\n<li>Plans submittal<\/li>\n<li>Re-submitting plans\/permits (when required)<\/li>\n<li>Notice of Commencement<\/li>\n<li>Permit History<\/li>\n<li>Change of Contractor<\/li>\n<li>Zoning<\/li>\n<li>Flood zone verification<\/li>\n<li>WASA Approvals<\/li>\n<li>D.E.R.M.<\/li>\n<li>Title Search<\/li>\n<li>Lot Search<\/li>\n<li>Microfilm search<\/li>\n<li>Obtaining certificates of completion<\/li>\n<li>Obtaining certificates of occupancy<\/li>\n<li>Closing open permits<\/li>\n<li>Legalizing un-permitting construction<\/li>\n<\/ul>\n<p>[\/et_pb_text][\/et_pb_column][et_pb_column type=\u00bb1_3&#8243; _builder_version=\u00bb4.16&#8243; custom_padding=\u00bb|||\u00bb global_colors_info=\u00bb{}\u00bb custom_padding__hover=\u00bb|||\u00bb][et_pb_image src=\u00bbhttps:\/\/ataxmar.com\/webpage\/wp-content\/uploads\/2023\/07\/sale-2-1536&#215;864-1.jpg\u00bb title_text=\u00bbsale-2-1536&#215;864&#8243; _builder_version=\u00bb4.21.0&#8243; _module_preset=\u00bbdefault\u00bb border_radii=\u00bbon|6px|6px|6px|6px\u00bb global_colors_info=\u00bb{}\u00bb][\/et_pb_image][et_pb_code _builder_version=\u00bb4.23.4&#8243; _module_preset=\u00bbdefault\u00bb hover_enabled=\u00bb0&#8243; global_colors_info=\u00bb{}\u00bb sticky_enabled=\u00bb0&#8243;]\n<div id=\"sb_instagram\"  class=\"sbi sbi_mob_col_1 sbi_tab_col_1 sbi_col_1 sbi_width_resp sbi_fixed_height\" style=\"padding-bottom: 2px; height: 720px;\"\t data-feedid=\"*3\"  data-res=\"auto\" data-cols=\"1\" data-colsmobile=\"1\" data-colstablet=\"1\" data-num=\"2\" data-nummobile=\"1\" data-item-padding=\"1\"\t data-shortcode-atts=\"{&quot;feed&quot;:&quot;3&quot;,&quot;cachetime&quot;:30}\"  data-postid=\"41\" data-locatornonce=\"333299d08a\" data-imageaspectratio=\"1:1\" data-sbi-flags=\"favorLocal,ajaxPostLoad\">\n\t\n\t<div id=\"sbi_images\"  style=\"gap: 2px;\">\n\t\t\t<\/div>\n\n\t<div id=\"sbi_load\" >\n\n\t\n\t\t\t<span class=\"sbi_follow_btn sbi_custom\" >\n\t\t\t<a target=\"_blank\"\n\t\t\t\trel=\"nofollow noopener\"  href=\"https:\/\/www.instagram.com\/ataxmarmiami\/\" style=\"background: rgb(64,139,209);\">\n\t\t\t\t<svg class=\"svg-inline--fa fa-instagram fa-w-14\" aria-hidden=\"true\" data-fa-processed=\"\" aria-label=\"Instagram\" data-prefix=\"fab\" data-icon=\"instagram\" role=\"img\" viewBox=\"0 0 448 512\">\n                    <path fill=\"currentColor\" d=\"M224.1 141c-63.6 0-114.9 51.3-114.9 114.9s51.3 114.9 114.9 114.9S339 319.5 339 255.9 287.7 141 224.1 141zm0 189.6c-41.1 0-74.7-33.5-74.7-74.7s33.5-74.7 74.7-74.7 74.7 33.5 74.7 74.7-33.6 74.7-74.7 74.7zm146.4-194.3c0 14.9-12 26.8-26.8 26.8-14.9 0-26.8-12-26.8-26.8s12-26.8 26.8-26.8 26.8 12 26.8 26.8zm76.1 27.2c-1.7-35.9-9.9-67.7-36.2-93.9-26.2-26.2-58-34.4-93.9-36.2-37-2.1-147.9-2.1-184.9 0-35.8 1.7-67.6 9.9-93.9 36.1s-34.4 58-36.2 93.9c-2.1 37-2.1 147.9 0 184.9 1.7 35.9 9.9 67.7 36.2 93.9s58 34.4 93.9 36.2c37 2.1 147.9 2.1 184.9 0 35.9-1.7 67.7-9.9 93.9-36.2 26.2-26.2 34.4-58 36.2-93.9 2.1-37 2.1-147.8 0-184.8zM398.8 388c-7.8 19.6-22.9 34.7-42.6 42.6-29.5 11.7-99.5 9-132.1 9s-102.7 2.6-132.1-9c-19.6-7.8-34.7-22.9-42.6-42.6-11.7-29.5-9-99.5-9-132.1s-2.6-102.7 9-132.1c7.8-19.6 22.9-34.7 42.6-42.6 29.5-11.7 99.5-9 132.1-9s102.7-2.6 132.1 9c19.6 7.8 34.7 22.9 42.6 42.6 11.7 29.5 9 99.5 9 132.1s2.7 102.7-9 132.1z\"><\/path>\n                <\/svg>\t\t\t\t<span>Seguir en Instagram<\/span>\n\t\t\t<\/a>\n\t\t<\/span>\n\t\n<\/div>\n\t\t<span class=\"sbi_resized_image_data\" data-feed-id=\"*3\"\n\t\t  data-resized=\"[]\">\n\t<\/span>\n\t<\/div>\n\n<script type=\"text\/javascript\">var sb_instagram_js_options = {\"font_method\":\"svg\",\"placeholder\":\"https:\\\/\\\/ataxmar.com\\\/webpage\\\/wp-content\\\/plugins\\\/instagram-feed\\\/img\\\/placeholder.png\",\"resized_url\":\"http:\\\/\\\/ataxmar.com\\\/webpage\\\/wp-content\\\/uploads\\\/sb-instagram-feed-images\\\/\",\"ajax_url\":\"https:\\\/\\\/ataxmar.com\\\/webpage\\\/wp-admin\\\/admin-ajax.php\"};<\/script><script type='text\/javascript' src='https:\/\/ataxmar.com\/webpage\/wp-content\/plugins\/instagram-feed\/js\/sbi-scripts.min.js?ver=6.10.1'><\/script>[\/et_pb_code][\/et_pb_column][\/et_pb_row][\/et_pb_section]<\/p>\n","protected":false},"excerpt":{"rendered":"<p>Por lo general las empresas requieren alg\u00fan tipo de licencia o permiso para funcionar, y estos requisitos var\u00edan seg\u00fan la actividad comercial o la industria. Ahorre tiempo y dinero con nuestro servicio. Nosotros investigaremos todo lo necesario para saber que tipos de licencias necesita y le prepararemos todos los formularios necesarios para cumplir con los [&hellip;]<\/p>\n","protected":false},"author":1,"featured_media":0,"parent":0,"menu_order":0,"comment_status":"closed","ping_status":"closed","template":"","meta":{"_et_pb_use_builder":"on","_et_pb_old_content":"<!-- wp:paragraph -->\n<p>Por lo general las empresas requieren alg\u00fan tipo de licencia o permiso para funcionar, y estos requisitos var\u00edan seg\u00fan la actividad comercial o la industria. Ahorre tiempo y dinero con nuestro servicio. Nosotros investigaremos todo lo necesario para saber que tipos de licencias necesita y le prepararemos todos los formularios necesarios para cumplir con los requisitos.<\/p>\n<!-- \/wp:paragraph -->\n\n<!-- wp:paragraph -->\n<p>Las licencias comerciales, los permisos y los registros fiscales son documentos emitidos por el estado y las municipalidades que permiten operar su negocio en forma legal y segura. Si bien los requisitos exactos var\u00edan seg\u00fan el estado y\/o la municipalidad, las licencias y los permisos son un requisito previo necesarios y obligatorio para que su negocio opere correctamente.<\/p>\n<!-- \/wp:paragraph -->\n\n<!-- wp:paragraph -->\n<p>Las licencias comerciales son espec\u00edficamente para:<\/p>\n<!-- \/wp:paragraph -->\n\n<!-- wp:list -->\n<ul><!-- wp:list-item -->\n<li>Identificar la empresa y hacerla responsable de sus acciones.<\/li>\n<!-- \/wp:list-item -->\n\n<!-- wp:list-item -->\n<li>Realizar un seguimiento de las actividades de la empresa a efectos fiscales.<\/li>\n<!-- \/wp:list-item -->\n\n<!-- wp:list-item -->\n<li>Una licencia comercial puede proteger la salud p\u00fablica y obliga a que la empresa cumpla con los requisitos m\u00ednimos.<\/li>\n<!-- \/wp:list-item -->\n\n<!-- wp:list-item -->\n<li>Informan a la comunidad sobre actividades que podr\u00edan impactarlos.<\/li>\n<!-- \/wp:list-item --><\/ul>\n<!-- \/wp:list -->\n\n<!-- wp:paragraph -->\n<p>Una licencia comercial puede proteger la salud p\u00fablica y obliga a que la empresa cumpla con los requisitos m\u00ednimos.<\/p>\n<!-- \/wp:paragraph -->\n\n<!-- wp:paragraph -->\n<p>Informan a la comunidad sobre actividades que podr\u00edan impactarlos.<\/p>\n<!-- \/wp:paragraph -->\n\n<!-- wp:paragraph -->\n<p>Lista de nuestros servicios de Permisos y Licencias:<\/p>\n<!-- \/wp:paragraph -->\n\n<!-- wp:list -->\n<ul><!-- wp:list-item -->\n<li>Building permit application<\/li>\n<!-- \/wp:list-item -->\n\n<!-- wp:list-item -->\n<li>Plans submittal<\/li>\n<!-- \/wp:list-item -->\n\n<!-- wp:list-item -->\n<li>Re-submitting plans\/permits (when required)<\/li>\n<!-- \/wp:list-item -->\n\n<!-- wp:list-item -->\n<li>Notice of Commencement<\/li>\n<!-- \/wp:list-item -->\n\n<!-- wp:list-item -->\n<li>Permit History<\/li>\n<!-- \/wp:list-item -->\n\n<!-- wp:list-item -->\n<li>Change of Contractor<\/li>\n<!-- \/wp:list-item -->\n\n<!-- wp:list-item -->\n<li>Zoning<\/li>\n<!-- \/wp:list-item -->\n\n<!-- wp:list-item -->\n<li>Flood zone verification<\/li>\n<!-- \/wp:list-item -->\n\n<!-- wp:list-item -->\n<li>WASA Approvals<\/li>\n<!-- \/wp:list-item --><\/ul>\n<!-- \/wp:list -->\n\n<!-- wp:list -->\n<ul><!-- wp:list-item -->\n<li>D.E.R.M.<\/li>\n<!-- \/wp:list-item -->\n\n<!-- wp:list-item -->\n<li>Title Search<\/li>\n<!-- \/wp:list-item -->\n\n<!-- wp:list-item -->\n<li>Lot Search<\/li>\n<!-- \/wp:list-item -->\n\n<!-- wp:list-item -->\n<li>Microfilm search<\/li>\n<!-- \/wp:list-item -->\n\n<!-- wp:list-item -->\n<li>Obtaining certificates of completion<\/li>\n<!-- \/wp:list-item -->\n\n<!-- wp:list-item -->\n<li>Obtaining certificates of occupancy<\/li>\n<!-- \/wp:list-item -->\n\n<!-- wp:list-item -->\n<li>Closing open permits<\/li>\n<!-- \/wp:list-item -->\n\n<!-- wp:list-item -->\n<li>Legalizing un-permitting construction<\/li>\n<!-- \/wp:list-item --><\/ul>\n<!-- \/wp:list -->","_et_gb_content_width":"","_exactmetrics_skip_tracking":false,"_exactmetrics_sitenote_active":false,"_exactmetrics_sitenote_note":"","_exactmetrics_sitenote_category":0,"_uf_show_specific_survey":0,"_uf_disable_surveys":false,"footnotes":""},"class_list":["post-41","page","type-page","status-publish","hentry"],"aioseo_notices":[],"_links":{"self":[{"href":"https:\/\/ataxmar.com\/webpage\/wp-json\/wp\/v2\/pages\/41","targetHints":{"allow":["GET"]}}],"collection":[{"href":"https:\/\/ataxmar.com\/webpage\/wp-json\/wp\/v2\/pages"}],"about":[{"href":"https:\/\/ataxmar.com\/webpage\/wp-json\/wp\/v2\/types\/page"}],"author":[{"embeddable":true,"href":"https:\/\/ataxmar.com\/webpage\/wp-json\/wp\/v2\/users\/1"}],"replies":[{"embeddable":true,"href":"https:\/\/ataxmar.com\/webpage\/wp-json\/wp\/v2\/comments?post=41"}],"version-history":[{"count":13,"href":"https:\/\/ataxmar.com\/webpage\/wp-json\/wp\/v2\/pages\/41\/revisions"}],"predecessor-version":[{"id":841,"href":"https:\/\/ataxmar.com\/webpage\/wp-json\/wp\/v2\/pages\/41\/revisions\/841"}],"wp:attachment":[{"href":"https:\/\/ataxmar.com\/webpage\/wp-json\/wp\/v2\/media?parent=41"}],"curies":[{"name":"wp","href":"https:\/\/api.w.org\/{rel}","templated":true}]}}