{"id":679,"date":"2023-07-18T12:17:08","date_gmt":"2023-07-18T12:17:08","guid":{"rendered":"https:\/\/ataxmar.com\/webpage\/?page_id=679"},"modified":"2024-01-17T23:47:04","modified_gmt":"2024-01-17T23:47:04","slug":"lobbyst-2","status":"publish","type":"page","link":"https:\/\/ataxmar.com\/webpage\/lobbyst-2\/","title":{"rendered":"Lobbyst"},"content":{"rendered":"<p>[et_pb_section fb_built=\u00bb1&#8243; admin_label=\u00bbsection\u00bb _builder_version=\u00bb4.21.0&#8243; background_image=\u00bbhttps:\/\/ataxmar.com\/webpage\/wp-content\/uploads\/2023\/07\/financial-technology-31c-1-scaled.jpg\u00bb global_colors_info=\u00bb{}\u00bb][et_pb_row column_structure=\u00bb2_3,1_3&#8243; admin_label=\u00bbrow\u00bb _builder_version=\u00bb4.16&#8243; background_size=\u00bbinitial\u00bb background_position=\u00bbtop_left\u00bb background_repeat=\u00bbrepeat\u00bb global_colors_info=\u00bb{}\u00bb][et_pb_column type=\u00bb2_3&#8243; _builder_version=\u00bb4.16&#8243; custom_padding=\u00bb|||\u00bb global_colors_info=\u00bb{}\u00bb custom_padding__hover=\u00bb|||\u00bb][et_pb_text admin_label=\u00bbText\u00bb _builder_version=\u00bb4.21.0&#8243; text_text_color=\u00bb#FFFFFF\u00bb background_size=\u00bbinitial\u00bb background_position=\u00bbtop_left\u00bb background_repeat=\u00bbrepeat\u00bb global_colors_info=\u00bb{}\u00bb]<\/p>\n<p style=\"text-align: justify;\">En Ataxmar, LLC incorporamos el servicio de cabilderos con el prop\u00f3sito de ser un canal para crear relaciones efectivas entre el gobierno del condado y la comunidad de contratistas y proveedores. La idea es enfocarnos en servicios y resultados gubernamentales efectivos a medida que nos expandimos del trabajo con el sector privado para apoyar a las agencias municipales y del condado.<\/p>\n<p style=\"text-align: justify;\">Trabajar en coordinaci\u00f3n con empresas, gremios y organizaciones profesionales puede fortalecer un objetivo espec\u00edfico. Trabajar juntos permite que su organizaci\u00f3n ampl\u00ede su alcance e influencia. Ataxmar, LLC tiene una gran experiencia en la creaci\u00f3n, expansi\u00f3n y aprovechamiento de recursos para multiplicar los mensajes de sus clientes potenciales en el condado de Miami Dade.<\/p>\n<p style=\"text-align: justify;\">A medida que Ataxmar, LLC contin\u00faa creciendo, nos enfocamos en brindar resultados de calidad duraderos mientras somos profesionales proactivos, talentosos y dedicados a la excelencia.<\/p>\n<p>[\/et_pb_text][\/et_pb_column][et_pb_column type=\u00bb1_3&#8243; _builder_version=\u00bb4.16&#8243; custom_padding=\u00bb|||\u00bb global_colors_info=\u00bb{}\u00bb custom_padding__hover=\u00bb|||\u00bb][et_pb_image src=\u00bbhttps:\/\/ataxmar.com\/webpage\/wp-content\/uploads\/2023\/07\/Lobbyst.jpg\u00bb title_text=\u00bbLobbyst\u00bb _builder_version=\u00bb4.21.0&#8243; _module_preset=\u00bbdefault\u00bb border_radii=\u00bbon|6px|6px|6px|6px\u00bb global_colors_info=\u00bb{}\u00bb][\/et_pb_image][et_pb_code _builder_version=\u00bb4.23.4&#8243; _module_preset=\u00bbdefault\u00bb hover_enabled=\u00bb0&#8243; global_colors_info=\u00bb{}\u00bb sticky_enabled=\u00bb0&#8243;]\n<div id=\"sb_instagram\"  class=\"sbi sbi_mob_col_1 sbi_tab_col_1 sbi_col_1 sbi_width_resp sbi_fixed_height\" style=\"padding-bottom: 2px; height: 720px;\"\t data-feedid=\"*3\"  data-res=\"auto\" data-cols=\"1\" data-colsmobile=\"1\" data-colstablet=\"1\" data-num=\"2\" data-nummobile=\"1\" data-item-padding=\"1\"\t data-shortcode-atts=\"{&quot;feed&quot;:&quot;3&quot;,&quot;cachetime&quot;:30}\"  data-postid=\"679\" data-locatornonce=\"509532340a\" data-imageaspectratio=\"1:1\" data-sbi-flags=\"favorLocal,ajaxPostLoad\">\n\t\n\t<div id=\"sbi_images\"  style=\"gap: 2px;\">\n\t\t\t<\/div>\n\n\t<div id=\"sbi_load\" >\n\n\t\n\t\t\t<span class=\"sbi_follow_btn sbi_custom\" >\n\t\t\t<a target=\"_blank\"\n\t\t\t\trel=\"nofollow noopener\"  href=\"https:\/\/www.instagram.com\/ataxmarmiami\/\" style=\"background: rgb(64,139,209);\">\n\t\t\t\t<svg class=\"svg-inline--fa fa-instagram fa-w-14\" aria-hidden=\"true\" data-fa-processed=\"\" aria-label=\"Instagram\" data-prefix=\"fab\" data-icon=\"instagram\" role=\"img\" viewBox=\"0 0 448 512\">\n                    <path fill=\"currentColor\" d=\"M224.1 141c-63.6 0-114.9 51.3-114.9 114.9s51.3 114.9 114.9 114.9S339 319.5 339 255.9 287.7 141 224.1 141zm0 189.6c-41.1 0-74.7-33.5-74.7-74.7s33.5-74.7 74.7-74.7 74.7 33.5 74.7 74.7-33.6 74.7-74.7 74.7zm146.4-194.3c0 14.9-12 26.8-26.8 26.8-14.9 0-26.8-12-26.8-26.8s12-26.8 26.8-26.8 26.8 12 26.8 26.8zm76.1 27.2c-1.7-35.9-9.9-67.7-36.2-93.9-26.2-26.2-58-34.4-93.9-36.2-37-2.1-147.9-2.1-184.9 0-35.8 1.7-67.6 9.9-93.9 36.1s-34.4 58-36.2 93.9c-2.1 37-2.1 147.9 0 184.9 1.7 35.9 9.9 67.7 36.2 93.9s58 34.4 93.9 36.2c37 2.1 147.9 2.1 184.9 0 35.9-1.7 67.7-9.9 93.9-36.2 26.2-26.2 34.4-58 36.2-93.9 2.1-37 2.1-147.8 0-184.8zM398.8 388c-7.8 19.6-22.9 34.7-42.6 42.6-29.5 11.7-99.5 9-132.1 9s-102.7 2.6-132.1-9c-19.6-7.8-34.7-22.9-42.6-42.6-11.7-29.5-9-99.5-9-132.1s-2.6-102.7 9-132.1c7.8-19.6 22.9-34.7 42.6-42.6 29.5-11.7 99.5-9 132.1-9s102.7-2.6 132.1 9c19.6 7.8 34.7 22.9 42.6 42.6 11.7 29.5 9 99.5 9 132.1s2.7 102.7-9 132.1z\"><\/path>\n                <\/svg>\t\t\t\t<span>Seguir en Instagram<\/span>\n\t\t\t<\/a>\n\t\t<\/span>\n\t\n<\/div>\n\t\t<span class=\"sbi_resized_image_data\" data-feed-id=\"*3\"\n\t\t  data-resized=\"[]\">\n\t<\/span>\n\t<\/div>\n\n<script type=\"text\/javascript\">var sb_instagram_js_options = {\"font_method\":\"svg\",\"placeholder\":\"https:\\\/\\\/ataxmar.com\\\/webpage\\\/wp-content\\\/plugins\\\/instagram-feed\\\/img\\\/placeholder.png\",\"resized_url\":\"http:\\\/\\\/ataxmar.com\\\/webpage\\\/wp-content\\\/uploads\\\/sb-instagram-feed-images\\\/\",\"ajax_url\":\"https:\\\/\\\/ataxmar.com\\\/webpage\\\/wp-admin\\\/admin-ajax.php\"};<\/script><script type='text\/javascript' src='https:\/\/ataxmar.com\/webpage\/wp-content\/plugins\/instagram-feed\/js\/sbi-scripts.min.js?ver=6.10.1'><\/script>[\/et_pb_code][\/et_pb_column][\/et_pb_row][\/et_pb_section]<\/p>\n","protected":false},"excerpt":{"rendered":"<p>En Ataxmar, LLC incorporamos el servicio de cabilderos con el prop\u00f3sito de ser un canal para crear relaciones efectivas entre el gobierno del condado y la comunidad de contratistas y proveedores. La idea es enfocarnos en servicios y resultados gubernamentales efectivos a medida que nos expandimos del trabajo con el sector privado para apoyar a [&hellip;]<\/p>\n","protected":false},"author":1,"featured_media":95,"parent":0,"menu_order":0,"comment_status":"closed","ping_status":"closed","template":"","meta":{"_et_pb_use_builder":"on","_et_pb_old_content":"<!-- wp:paragraph -->\n<p>\u00bfEst\u00e1 pensando en comprar o vender una casa y necesita ayuda para guiarlo en el proceso?<\/p>\n<!-- \/wp:paragraph -->\n\n<!-- wp:paragraph -->\n<p>Ya sea que se mude dentro o fuera de Miami Dade County, puede contar con un grupo de agentes asociados que podr\u00e1n guiarlo en este proceso. Nuestra experiencia en el mercado local, y una gran cantidad de ventas de viviendas cerradas sumado un historial de transacciones \u00e9ticas bien realizadas le garantizaran un servicio de calidad y una atenci\u00f3n clase VIP.<\/p>\n<!-- \/wp:paragraph -->\n\n<!-- wp:paragraph -->\n<p>Ataxmar, LLC no es una compa\u00f1\u00eda inmobiliaria ni broker inmobiliario pero estamos asociados con agentes independientes especializados en atender a clientes Internacionales en el \u00c1rea del Gran Miami, incluyendo las ciudades de Doral, Hialeah, Coral Gables, City of Miami, Aventura, Sunny Isle, Bal Harbour, Homestead,etc.<\/p>\n<!-- \/wp:paragraph -->\n\n<!-- wp:paragraph -->\n<p>Durante los \u00faltimos a\u00f1os hemos ofrecido con \u00e9xito estos servicios apoy\u00e1ndonos en nuestros socios expertos en el corretaje residencial y comercial en los EE. UU. Nuestros socios podr\u00e1n ayudarlo en lo referente a:<\/p>\n<!-- \/wp:paragraph -->\n\n<!-- wp:list -->\n<ul><!-- wp:list-item -->\n<li>Residencial<\/li>\n<!-- \/wp:list-item -->\n\n<!-- wp:list-item -->\n<li>Comercial<\/li>\n<!-- \/wp:list-item -->\n\n<!-- wp:list-item -->\n<li>Ventas<\/li>\n<!-- \/wp:list-item -->\n\n<!-- wp:list-item -->\n<li>Alquileres<\/li>\n<!-- \/wp:list-item -->\n\n<!-- wp:list-item -->\n<li>Ejecuciones hipotecarias<\/li>\n<!-- \/wp:list-item -->\n\n<!-- wp:list-item -->\n<li>T\u00edtulos<\/li>\n<!-- \/wp:list-item --><\/ul>\n<!-- \/wp:list -->\n\n<!-- wp:paragraph -->\n<p>En estos a\u00f1os de servicio la experiencia nos ha proporcionado un flujo continuo de atenci\u00f3n a nuestros clientes incluso mucho despu\u00e9s de haber completado cualquier servicio, lo que nos ha permitido desarrollar relaciones que se han extendido m\u00e1s all\u00e1 de la negociaci\u00f3n original creando v\u00ednculos de amistad y respeto mutuo.<\/p>\n<!-- \/wp:paragraph -->","_et_gb_content_width":"","_exactmetrics_skip_tracking":false,"_exactmetrics_sitenote_active":false,"_exactmetrics_sitenote_note":"","_exactmetrics_sitenote_category":0,"_uf_show_specific_survey":0,"_uf_disable_surveys":false,"footnotes":""},"class_list":["post-679","page","type-page","status-publish","has-post-thumbnail","hentry"],"aioseo_notices":[],"_links":{"self":[{"href":"https:\/\/ataxmar.com\/webpage\/wp-json\/wp\/v2\/pages\/679","targetHints":{"allow":["GET"]}}],"collection":[{"href":"https:\/\/ataxmar.com\/webpage\/wp-json\/wp\/v2\/pages"}],"about":[{"href":"https:\/\/ataxmar.com\/webpage\/wp-json\/wp\/v2\/types\/page"}],"author":[{"embeddable":true,"href":"https:\/\/ataxmar.com\/webpage\/wp-json\/wp\/v2\/users\/1"}],"replies":[{"embeddable":true,"href":"https:\/\/ataxmar.com\/webpage\/wp-json\/wp\/v2\/comments?post=679"}],"version-history":[{"count":7,"href":"https:\/\/ataxmar.com\/webpage\/wp-json\/wp\/v2\/pages\/679\/revisions"}],"predecessor-version":[{"id":842,"href":"https:\/\/ataxmar.com\/webpage\/wp-json\/wp\/v2\/pages\/679\/revisions\/842"}],"wp:featuredmedia":[{"embeddable":true,"href":"https:\/\/ataxmar.com\/webpage\/wp-json\/wp\/v2\/media\/95"}],"wp:attachment":[{"href":"https:\/\/ataxmar.com\/webpage\/wp-json\/wp\/v2\/media?parent=679"}],"curies":[{"name":"wp","href":"https:\/\/api.w.org\/{rel}","templated":true}]}}